{"id":117,"date":"2021-05-08T13:38:39","date_gmt":"2021-05-08T11:38:39","guid":{"rendered":"https:\/\/evelinschertle.de\/arbeitsbilder\/?page_id=117"},"modified":"2022-01-11T19:25:43","modified_gmt":"2022-01-11T18:25:43","slug":"interview","status":"publish","type":"page","link":"https:\/\/evelinschertle.de\/arbeitsbilder\/interview\/","title":{"rendered":"Interview"},"content":{"rendered":"\n<p><strong>mit Gerhard G\u00f6tze, Editor, Publisher<\/strong><\/p>\n\n\n\n<p>Frau Schertle,<\/p>\n\n\n\n<p>1.&nbsp;&nbsp; &nbsp;Ist die Gestaltung Ihrer Arbeiten durchg\u00e4ngig,&nbsp;von A bis Z, von der Inspiration bestimmt?<\/p>\n\n\n\n<p><strong><em>&#8211;&nbsp;&nbsp; Jedem Beginn einer neuen Arbeit liegt ein inspirierender Funke, Gedanke zugrunde. Allerdings \u00fcbernehmen w\u00e4hrend des Arbeitsprozesses, logische Schl\u00fcsse zwischenzeitlich immer wieder die Fortf\u00fchrung dessen. Es ist ein Wechselspiel von beidem.<\/em><\/strong><\/p>\n\n\n\n<p>2.&nbsp;&nbsp;&nbsp; Eine ma\u00dfgebliche Rolle in Ihren Arbeiten kommt&nbsp; dem Material zu, wie sehr bedingt dies das Wechselverh\u00e4ltnis&nbsp; zwischen Inspiration und Material?<\/p>\n\n\n\n<p><strong><em>&#8211;&nbsp;&nbsp; Mein Arbeitsmaterial ist nicht wirklich begrenzt, und ich w\u00e4hle es nach meinem momentanen Empfinden zur Natur, diese bietet mir mannigfaltige Facetten, mal zart, leise, weich, still, monoton, mal gewaltig, laut, ergiebig, brachial, bunt.<\/em><\/strong><\/p>\n\n\n\n<p>3<strong>.&nbsp;&nbsp;&nbsp; <\/strong>Die Fl\u00e4che, bestimmt diese den Tenor der Arbeit,&nbsp;die darauf konfiguriert wird?<\/p>\n\n\n\n<p><strong><em>&#8211;&nbsp;&nbsp; Gr\u00f6\u00dfe, Struktur und Bildgrund sind entscheidende Faktoren der Gestaltung. Den Werken auf Holz geht eine v\u00f6llig andere Grundhaltung voraus, als den Arbeiten auf Papier.<\/em><\/strong><\/p>\n\n\n\n<p>4<strong>.\u00a0\u00a0\u00a0<\/strong> Wie entsteht die Struktur Ihrer Sounds-Arbeiten auf der Fl\u00e4che?<\/p>\n\n\n\n<p><strong><em>&#8211;&nbsp;&nbsp; Meine bevorzugte Technik ist das Arbeiten mit Kontrasten, um diese zu erh\u00f6hen, benutze ich weitere bearbeitete organische Materialien.<\/em><\/strong><\/p>\n\n\n\n<p>5.<strong>&nbsp;&nbsp;<\/strong>&nbsp; L\u00e4sst sich \u00fcber den Arbeitsprozess eine Charakterisierung treffen?<\/p>\n\n\n\n<p><strong><em>&#8211;&nbsp;&nbsp; Wie schon erw\u00e4hnt, w\u00e4hle ich Material und Bildgrund nach dem derzeitigen Begreifen des gegenw\u00e4rtigen Spannungszustandes. Der darauf folgende Ablauf der Ausf\u00fchrung, ist nicht unweigerlich durchdacht, es f\u00fcgt sich sozusagen.<\/em><\/strong><\/p>\n\n\n\n<p>6<strong>.&nbsp;&nbsp;&nbsp; <\/strong>Findet mitunter&nbsp; auch eine Revision des Arbeitsvorganges statt?<\/p>\n\n\n\n<p><strong><em>&#8211;&nbsp;&nbsp; \u00dcberarbeiten, umgestalten, korrigieren ist permanent Bestandteil meines Schaffensprozesses. Manches was unwiderlegbar schien wird verworfen, weil neue Einsichten in Erscheinung treten. Manches wird zur Seite gestellt, und bleibt \u00fcber nicht bestimmte Zeit unvollendet.<\/em><\/strong><\/p>\n\n\n\n<p>7.<strong>&nbsp;&nbsp;&nbsp;<\/strong> Ist das fertige Tableau ein vice versa zur Welt?<\/p>\n\n\n\n<p><strong><em>&#8211;&nbsp;&nbsp; Vielleicht ein vice versa wie ich die Welt empfinde. Mein Spannungsverh\u00e4ltnis zur Welt.<\/em><\/strong><\/p>\n\n\n\n<p>8<strong>.&nbsp;&nbsp;&nbsp; <\/strong>Gibt es die Ambivalenz im Schaffensprozess?<\/p>\n\n\n\n<p><strong><em>&#8211;&nbsp;&nbsp; Wenn sie nicht vorhanden ist, ist die Arbeit von vorneherein verloren, dann hat sie keinen Bestand, keine Berechtigung, keine Ehrlichkeit f\u00fcr mich.<\/em><\/strong><\/p>\n\n\n\n<p>9<strong>.&nbsp;&nbsp;&nbsp; <\/strong>Tritt bisweilen der Widerstand zutage, die Arbeit g\u00e4nzlich sein zu lassen?<\/p>\n\n\n\n<p><strong><em>&#8211;&nbsp;&nbsp; Es kommt schon vor, das man in dieses Stadium gelangt, dar\u00fcber hinaus rettet mich ein gewisser Automatismus damit umzugehen. Gleichzeitig ist es aber auch Ansporn, um am Ende sich diesem Widerstand entgegengestellt zu haben und dar\u00fcber zu triumphieren.<\/em><\/strong><\/p>\n\n\n\n<p>10<strong>.&nbsp;&nbsp; <\/strong>Stellt sich im Endstadium einer Arbeit Zufriedenheit ein, die die Ersch\u00f6pfung widerruft?<\/p>\n\n\n\n<p><strong><em>&#8211;&nbsp;&nbsp; Je n\u00e4her die Fertigstellung eines Bildes in Sichtweite r\u00fcckt, je mehr wandelt sich die Ersch\u00f6pfung in Sch\u00f6pfung. Will hei\u00dfen unumg\u00e4nglich setzt sich Energie frei f\u00fcr das n\u00e4chste Werk, es gibt nie den endg\u00fcltigen Ersch\u00f6pfungszustand. Ich begreife es wie den Wachstum eines Muskels, Spannung und Entspannung im Verh\u00e4ltniss.<\/em><\/strong><\/p>\n","protected":false},"excerpt":{"rendered":"<p>mit Gerhard G\u00f6tze, Editor, Publisher Frau Schertle, 1.&nbsp;&nbsp; &nbsp;Ist die Gestaltung Ihrer Arbeiten durchg\u00e4ngig,&nbsp;von A bis Z, von der Inspiration bestimmt? &#8211;&nbsp;&nbsp; Jedem Beginn einer neuen Arbeit liegt ein inspirierender Funke, Gedanke zugrunde. Allerdings \u00fcbernehmen w\u00e4hrend des Arbeitsprozesses, logische Schl\u00fcsse zwischenzeitlich immer wieder die Fortf\u00fchrung dessen. Es ist ein Wechselspiel von beidem. 2.&nbsp;&nbsp;&nbsp; Eine ma\u00dfgebliche&hellip;&nbsp;<a href=\"https:\/\/evelinschertle.de\/arbeitsbilder\/interview\/\" class=\"\" rel=\"bookmark\">Weiterlesen &raquo;<span class=\"screen-reader-text\">Interview<\/span><\/a><\/p>\n","protected":false},"author":1,"featured_media":0,"parent":0,"menu_order":0,"comment_status":"closed","ping_status":"closed","template":"","meta":{"neve_meta_sidebar":"full-width","neve_meta_container":"","neve_meta_enable_content_width":"on","neve_meta_content_width":59,"neve_meta_title_alignment":"","neve_meta_author_avatar":"","neve_post_elements_order":"","neve_meta_disable_header":"off","neve_meta_disable_footer":"","neve_meta_disable_title":"off","ngg_post_thumbnail":0},"_links":{"self":[{"href":"https:\/\/evelinschertle.de\/arbeitsbilder\/wp-json\/wp\/v2\/pages\/117"}],"collection":[{"href":"https:\/\/evelinschertle.de\/arbeitsbilder\/wp-json\/wp\/v2\/pages"}],"about":[{"href":"https:\/\/evelinschertle.de\/arbeitsbilder\/wp-json\/wp\/v2\/types\/page"}],"author":[{"embeddable":true,"href":"https:\/\/evelinschertle.de\/arbeitsbilder\/wp-json\/wp\/v2\/users\/1"}],"replies":[{"embeddable":true,"href":"https:\/\/evelinschertle.de\/arbeitsbilder\/wp-json\/wp\/v2\/comments?post=117"}],"version-history":[{"count":14,"href":"https:\/\/evelinschertle.de\/arbeitsbilder\/wp-json\/wp\/v2\/pages\/117\/revisions"}],"predecessor-version":[{"id":173,"href":"https:\/\/evelinschertle.de\/arbeitsbilder\/wp-json\/wp\/v2\/pages\/117\/revisions\/173"}],"wp:attachment":[{"href":"https:\/\/evelinschertle.de\/arbeitsbilder\/wp-json\/wp\/v2\/media?parent=117"}],"curies":[{"name":"wp","href":"https:\/\/api.w.org\/{rel}","templated":true}]}}