{"id":180,"date":"2023-06-13T14:24:46","date_gmt":"2023-06-13T12:24:46","guid":{"rendered":"https:\/\/evelinschertle.de\/arbeitsbilder\/?page_id=180"},"modified":"2024-06-21T12:15:23","modified_gmt":"2024-06-21T10:15:23","slug":"werkinterpreten","status":"publish","type":"page","link":"https:\/\/evelinschertle.de\/arbeitsbilder\/werkinterpreten\/","title":{"rendered":"Werkinterpreten"},"content":{"rendered":"<p><strong>Gerhard G\u00f6tze<br><\/strong>Herausgeber, NIKE NEW ART IN EUROPE,<br>Galerist, Editor, Art Publisher, Doku-Filmer, Art-Kurator,<br>siehe WIKIPEDIA, DEUTSCHES KUNSTARCHIV.<strong><br>Werkinterview <a href=\"https:\/\/evelinschertle.de\/arbeitsbilder\/interview\/\">1<\/a> und <a href=\"https:\/\/evelinschertle.de\/zeichnungen\/interview\/\">2<\/a>.&nbsp;<\/strong><\/p>\n<p><strong>Peter Assmann, Prof., Dr.<\/strong><br>seit 1987 engagierte Kunst- und Kulturt\u00e4tigkeit in Forschung;<br>Leitung von Institutionen, Dir., Museum O\u00d6. Landesgalerie,<br>Lehrbeauftragter an der Hochschule f\u00fcr k\u00fcnstlerische und<br>industrielle Kunstuniversit\u00e4t, Linz. Seither literarische und<br>kunsthistorische Publikationen.<br>Seit 1997 Gastprofessor, IFK, Linz, 2000 bis 2013 Dir. der<br>O\u00d6, Landesmuseen. Zahlreiche Ehrenpr\u00e4sidentschaften an<br>Universit\u00e4ten in \u00d6sterreich; u. a. Lehrauftrag an der Uni-<br>versit\u00e4t Wien, seit 2008.<br>Seither Museumsdirektor zahlreicher Museen in Europa,<br>internationale T\u00e4tigkeit als Kurator f\u00fcr Kunstausstellungen,<br>Juryt\u00e4tigkeit f\u00fcr Museumsfragen, zeitgen\u00f6ssische Kunst,<br>Kunst im \u00f6ffentlichen Raum..<br>Zu biographischen und beruflichen Engagements, siehe<br>www.peter-assmann.info<br>Zu den <a href=\"https:\/\/evelinschertle.com\/schertle\/texte\/\"><strong>Sound-Bildern<\/strong><\/a><\/p>\n<p><strong>Sybille Kr\u00e4mer, Prof. Dr. Dr. h. c.<\/strong><br>war bis zum Ruhestand, 2018, Professorin f\u00fcr Philosophie<br>an der freien Universit\u00e4t Berlin und ist seit 2019 Senior-<br>Professorin (Gastwissenschaftlerin) an der Leuphana-<br>Universit\u00e4t L\u00fcneburg. Die Universit\u00e4t Link\u00f6ping\/Schweden,<br>verlieh ihr 2016, den Ehrendoktor, Dr. h. c.<br>Internationale Gastprofessuren, u. a. Tokyo, Wien, Z\u00fcrich,<br>USA, Graz. Gr\u00fcndungsmitglied des v. Helmholtz-Zentrums<br>f\u00fcr Kulturtechnik; Mitglied im Deutschen Wissenschaftsrat\u2026<br>Zahlreiche Publikationen zu ihrem Philosophieverst\u00e4ndnis.<br>Siehe Wikipedia, bzw. Google.<br>Zu dem Zyklus: <a href=\"https:\/\/evelinschertle.de\/zeichnungen\/texte-2\/\"><strong>Metamorphosen<\/strong><\/a><\/p>\n<p><strong>Kathrin Frauenfelder, Dr. phil.<\/strong><br>Kunsthistorikerin, Kuratorin, Buchautorin.<br>Von 1993 bis 1998 freie Mitarbeiterin und Co-Kuratorin<br>im Helmhaus, Z\u00fcrich.<br>Von 2002 bis 2018 Leitung der Kunstsammlung des<br>Kantons Z\u00fcrich. Buchpublikation der Sammlung.<br>U. a. Kuratorin der Eisenplastiksammlung Dr. Hans Koenig,<br>CH.<br>Siehe Wikipedia, u. a.<br>Zu dem Zyklus: <a href=\"https:\/\/evelinschertle.de\/zeichnungen\/texte-1\/\"><strong>Mikrokosmen<\/strong><\/a><\/p>\n<p><strong>Lydia Eder, MA., Assistenzkuratorin, ALBERTINA, WIEN<\/strong><br>Auszeichnung: Sir-Ernst-Gombrich-Nachwuchspreis, 2020,<br>Kunsthistorische Gesellschaft, Institut der Universit\u00e4t Wien.<br>Siehe XING, Google<br>Zu dem Zyklus: <a href=\"https:\/\/evelinschertle.de\/zeichnungen\/texte-2-2\/\"><strong>Reflex des Pfauenauges<\/strong><\/a><\/p>\n\n\n<p><strong>Jutta Meyer zu Riemsloh<\/strong><br>Kunsthistorikerin\/ Kuratorin\/ Gesch\u00e4ftsf\u00fchrerin<br>Kunstverein M\u00fcnsterland e.V.<br>Kuratorin, Ausstellungen f\u00fcr zeitgen\u00f6ssische Kunst,<br>Ausstellungsplanung und -Durchf\u00fchrung, Publikationen,<br>Vortr\u00e4ge, Kuratorenf\u00fchrungen, Kunstreisen, Entwicklung<br>von Kunstvermittlungsprogrammen, Marketing, Presse,<br>Gesch\u00e4ftsf\u00fchrung Aufbau, Ausbau und Entwicklung der<br>Kunstschule f\u00fcr Erwachsene, Kinder und Jugendliche <br>Zu dem Zyklus: <strong><a rel=\"noreferrer noopener\" href=\"https:\/\/evelinschertle.de\/zeichnungen\/texte-3\/\" target=\"_blank\">Samen &amp; Skulptur<\/a><\/strong><br><br><\/p>\n\n\n\n<p> <\/p>\n\n\n\n<p><\/p>\n\n\n\n<p> <\/p>\n\n\n\n<p><\/p>\n\n\n\n<p> <\/p>\n\n\n\n<p><\/p>\n","protected":false},"excerpt":{"rendered":"<p>Gerhard G\u00f6tzeHerausgeber, NIKE NEW ART IN EUROPE,Galerist, Editor, Art Publisher, Doku-Filmer, Art-Kurator,siehe WIKIPEDIA, DEUTSCHES KUNSTARCHIV.Werkinterview 1 und 2.&nbsp; Peter Assmann, Prof., Dr.seit 1987 engagierte Kunst- und Kulturt\u00e4tigkeit in Forschung;Leitung von Institutionen, Dir., Museum O\u00d6. Landesgalerie,Lehrbeauftragter an der Hochschule f\u00fcr k\u00fcnstlerische undindustrielle Kunstuniversit\u00e4t, Linz. Seither literarische undkunsthistorische Publikationen.Seit 1997 Gastprofessor, IFK, Linz, 2000 bis 2013 Dir.&hellip;&nbsp;<a href=\"https:\/\/evelinschertle.de\/arbeitsbilder\/werkinterpreten\/\" class=\"\" rel=\"bookmark\">Weiterlesen &raquo;<span class=\"screen-reader-text\">Werkinterpreten<\/span><\/a><\/p>\n","protected":false},"author":1,"featured_media":0,"parent":0,"menu_order":0,"comment_status":"closed","ping_status":"closed","template":"","meta":{"neve_meta_sidebar":"full-width","neve_meta_container":"default","neve_meta_enable_content_width":"on","neve_meta_content_width":100,"neve_meta_title_alignment":"left","neve_meta_author_avatar":"","neve_post_elements_order":"","neve_meta_disable_header":"","neve_meta_disable_footer":"","neve_meta_disable_title":"","ngg_post_thumbnail":0},"_links":{"self":[{"href":"https:\/\/evelinschertle.de\/arbeitsbilder\/wp-json\/wp\/v2\/pages\/180"}],"collection":[{"href":"https:\/\/evelinschertle.de\/arbeitsbilder\/wp-json\/wp\/v2\/pages"}],"about":[{"href":"https:\/\/evelinschertle.de\/arbeitsbilder\/wp-json\/wp\/v2\/types\/page"}],"author":[{"embeddable":true,"href":"https:\/\/evelinschertle.de\/arbeitsbilder\/wp-json\/wp\/v2\/users\/1"}],"replies":[{"embeddable":true,"href":"https:\/\/evelinschertle.de\/arbeitsbilder\/wp-json\/wp\/v2\/comments?post=180"}],"version-history":[{"count":17,"href":"https:\/\/evelinschertle.de\/arbeitsbilder\/wp-json\/wp\/v2\/pages\/180\/revisions"}],"predecessor-version":[{"id":213,"href":"https:\/\/evelinschertle.de\/arbeitsbilder\/wp-json\/wp\/v2\/pages\/180\/revisions\/213"}],"wp:attachment":[{"href":"https:\/\/evelinschertle.de\/arbeitsbilder\/wp-json\/wp\/v2\/media?parent=180"}],"curies":[{"name":"wp","href":"https:\/\/api.w.org\/{rel}","templated":true}]}}