{"id":31,"date":"2021-05-08T08:48:29","date_gmt":"2021-05-08T06:48:29","guid":{"rendered":"https:\/\/evelinschertle.de\/webzumir\/?page_id=31"},"modified":"2023-05-02T11:45:11","modified_gmt":"2023-05-02T09:45:11","slug":"31-2","status":"publish","type":"page","link":"https:\/\/evelinschertle.de\/webzumir\/","title":{"rendered":"Home"},"content":{"rendered":"\n<p><\/p>\n\n\n\n<p><\/p>\n\n\n\n<p><\/p>\n\n\n\n<h2 class=\"has-text-align-center\">3. zu mir<\/h2>\n\n\n\n<div class=\"wp-block-image\"><figure class=\"aligncenter size-large\"><img loading=\"lazy\" width=\"908\" height=\"1024\" src=\"https:\/\/evelinschertle.de\/webzumir\/wp-content\/uploads\/2021\/05\/001-908x1024.jpg\" alt=\"\" class=\"wp-image-145\" srcset=\"https:\/\/evelinschertle.de\/webzumir\/wp-content\/uploads\/2021\/05\/001-908x1024.jpg 908w, https:\/\/evelinschertle.de\/webzumir\/wp-content\/uploads\/2021\/05\/001-266x300.jpg 266w, https:\/\/evelinschertle.de\/webzumir\/wp-content\/uploads\/2021\/05\/001-768x866.jpg 768w, https:\/\/evelinschertle.de\/webzumir\/wp-content\/uploads\/2021\/05\/001.jpg 1000w\" sizes=\"(max-width: 908px) 100vw, 908px\" \/><\/figure><\/div>\n\n\n\n<p class=\"has-text-align-center has-medium-font-size\"><strong>Meine Arbeiten sind ein Zusammenflie\u00dfen meiner Wahrnehmungen, etwas Mondiales<\/strong>.<\/p>\n\n\n\n<p class=\"has-text-align-center\">My works are a confluence of my perceptions, something mondial.<\/p>\n\n\n\n<div class=\"wp-block-image is-style-default\"><figure class=\"aligncenter size-large\"><img loading=\"lazy\" width=\"741\" height=\"1024\" src=\"https:\/\/evelinschertle.de\/webzumir\/wp-content\/uploads\/2021\/05\/002-741x1024.jpg\" alt=\"\" class=\"wp-image-146\" srcset=\"https:\/\/evelinschertle.de\/webzumir\/wp-content\/uploads\/2021\/05\/002-741x1024.jpg 741w, https:\/\/evelinschertle.de\/webzumir\/wp-content\/uploads\/2021\/05\/002-217x300.jpg 217w, https:\/\/evelinschertle.de\/webzumir\/wp-content\/uploads\/2021\/05\/002-768x1061.jpg 768w, https:\/\/evelinschertle.de\/webzumir\/wp-content\/uploads\/2021\/05\/002.jpg 1000w\" sizes=\"(max-width: 741px) 100vw, 741px\" \/><\/figure><\/div>\n\n\n\n<p class=\"has-text-align-center has-medium-font-size\"><strong>Nach meinem Daf\u00fcrhalten sind Mensch und Natur eine Synthese.<\/strong><\/p>\n\n\n\n<p class=\"has-text-align-center\">In my opinion, man and nature are a synthesis.<\/p>\n\n\n\n<div class=\"wp-block-image is-style-default\"><figure class=\"aligncenter size-large\"><img loading=\"lazy\" width=\"1000\" height=\"942\" src=\"https:\/\/evelinschertle.de\/webzumir\/wp-content\/uploads\/2021\/05\/003.jpg\" alt=\"\" class=\"wp-image-147\" srcset=\"https:\/\/evelinschertle.de\/webzumir\/wp-content\/uploads\/2021\/05\/003.jpg 1000w, https:\/\/evelinschertle.de\/webzumir\/wp-content\/uploads\/2021\/05\/003-300x283.jpg 300w, https:\/\/evelinschertle.de\/webzumir\/wp-content\/uploads\/2021\/05\/003-768x723.jpg 768w\" sizes=\"(max-width: 1000px) 100vw, 1000px\" \/><\/figure><\/div>\n\n\n\n<p class=\"has-text-align-center has-medium-font-size\"><strong>Je stiller es wird, je mehr h\u00f6re ich.<\/strong><\/p>\n\n\n\n<p class=\"has-text-align-center\">The quieter it gets, the more I hear.<\/p>\n\n\n\n<div class=\"wp-block-image is-style-default\"><figure class=\"aligncenter size-large\"><img loading=\"lazy\" width=\"943\" height=\"1024\" src=\"https:\/\/evelinschertle.de\/webzumir\/wp-content\/uploads\/2021\/05\/004-943x1024.jpg\" alt=\"\" class=\"wp-image-149\" srcset=\"https:\/\/evelinschertle.de\/webzumir\/wp-content\/uploads\/2021\/05\/004-943x1024.jpg 943w, https:\/\/evelinschertle.de\/webzumir\/wp-content\/uploads\/2021\/05\/004-276x300.jpg 276w, https:\/\/evelinschertle.de\/webzumir\/wp-content\/uploads\/2021\/05\/004-768x834.jpg 768w, https:\/\/evelinschertle.de\/webzumir\/wp-content\/uploads\/2021\/05\/004.jpg 1000w\" sizes=\"(max-width: 943px) 100vw, 943px\" \/><\/figure><\/div>\n\n\n\n<p class=\"has-text-align-center has-medium-font-size\"><strong>Jedes neue Bild ist ein Versuch das Sein zu bezeugen.<\/strong><\/p>\n\n\n\n<p class=\"has-text-align-center\">Every new picture is an attempt to testify to being.<\/p>\n\n\n\n<div class=\"wp-block-image is-style-default\"><figure class=\"aligncenter size-large\"><img loading=\"lazy\" width=\"1000\" height=\"972\" src=\"https:\/\/evelinschertle.de\/webzumir\/wp-content\/uploads\/2021\/05\/005-1.jpg\" alt=\"\" class=\"wp-image-152\" srcset=\"https:\/\/evelinschertle.de\/webzumir\/wp-content\/uploads\/2021\/05\/005-1.jpg 1000w, https:\/\/evelinschertle.de\/webzumir\/wp-content\/uploads\/2021\/05\/005-1-300x292.jpg 300w, https:\/\/evelinschertle.de\/webzumir\/wp-content\/uploads\/2021\/05\/005-1-768x746.jpg 768w\" sizes=\"(max-width: 1000px) 100vw, 1000px\" \/><\/figure><\/div>\n\n\n\n<p class=\"has-text-align-center has-medium-font-size\"><strong>Alles Leben tritt ins Licht.<\/strong><\/p>\n\n\n\n<p class=\"has-text-align-center\">All life comes into the light.<\/p>\n\n\n\n<div class=\"wp-block-image is-style-default\"><figure class=\"aligncenter size-large\"><img loading=\"lazy\" width=\"1000\" height=\"795\" src=\"https:\/\/evelinschertle.de\/webzumir\/wp-content\/uploads\/2021\/05\/006.jpg\" alt=\"\" class=\"wp-image-153\" srcset=\"https:\/\/evelinschertle.de\/webzumir\/wp-content\/uploads\/2021\/05\/006.jpg 1000w, https:\/\/evelinschertle.de\/webzumir\/wp-content\/uploads\/2021\/05\/006-300x239.jpg 300w, https:\/\/evelinschertle.de\/webzumir\/wp-content\/uploads\/2021\/05\/006-768x611.jpg 768w\" sizes=\"(max-width: 1000px) 100vw, 1000px\" \/><\/figure><\/div>\n\n\n\n<p class=\"has-text-align-center has-medium-font-size\"><strong>Meine Inspiration umfasst die Natur, die Musik, die Dichtung, die Stille, die Weite.<\/strong><\/p>\n\n\n\n<p class=\"has-text-align-center\">My inspiration includes nature, music, poetry, silence, space.<\/p>\n\n\n\n<div class=\"wp-block-image is-style-default\"><figure class=\"aligncenter size-large\"><img loading=\"lazy\" width=\"982\" height=\"1024\" src=\"https:\/\/evelinschertle.de\/webzumir\/wp-content\/uploads\/2021\/05\/007-982x1024.jpg\" alt=\"\" class=\"wp-image-154\" srcset=\"https:\/\/evelinschertle.de\/webzumir\/wp-content\/uploads\/2021\/05\/007-982x1024.jpg 982w, https:\/\/evelinschertle.de\/webzumir\/wp-content\/uploads\/2021\/05\/007-288x300.jpg 288w, https:\/\/evelinschertle.de\/webzumir\/wp-content\/uploads\/2021\/05\/007-768x801.jpg 768w, https:\/\/evelinschertle.de\/webzumir\/wp-content\/uploads\/2021\/05\/007.jpg 1000w\" sizes=\"(max-width: 982px) 100vw, 982px\" \/><\/figure><\/div>\n\n\n\n<p class=\"has-text-align-center has-medium-font-size\"><strong>Schon seit fr\u00fchester Kindheit begegne ich der Welt der Bilder.<\/strong><\/p>\n\n\n\n<p class=\"has-text-align-center\">I have encountered the world of images since early childhood.<\/p>\n\n\n\n<div class=\"wp-block-image is-style-default\"><figure class=\"aligncenter size-large\"><img loading=\"lazy\" width=\"1000\" height=\"910\" src=\"https:\/\/evelinschertle.de\/webzumir\/wp-content\/uploads\/2021\/05\/008.jpg\" alt=\"\" class=\"wp-image-155\" srcset=\"https:\/\/evelinschertle.de\/webzumir\/wp-content\/uploads\/2021\/05\/008.jpg 1000w, https:\/\/evelinschertle.de\/webzumir\/wp-content\/uploads\/2021\/05\/008-300x273.jpg 300w, https:\/\/evelinschertle.de\/webzumir\/wp-content\/uploads\/2021\/05\/008-768x699.jpg 768w\" sizes=\"(max-width: 1000px) 100vw, 1000px\" \/><\/figure><\/div>\n\n\n\n<p class=\"has-text-align-center has-medium-font-size\"><strong>Best\u00e4ndig zeigt sich der Zyklus von Entstehen und Vergehen.<\/strong><\/p>\n\n\n\n<p class=\"has-text-align-center\">The cycle of arising and passing away is constantly evident.<\/p>\n\n\n\n<div class=\"wp-block-image is-style-default\"><figure class=\"aligncenter size-large\"><img loading=\"lazy\" width=\"921\" height=\"1024\" src=\"https:\/\/evelinschertle.de\/webzumir\/wp-content\/uploads\/2021\/05\/009-921x1024.jpg\" alt=\"\" class=\"wp-image-156\" srcset=\"https:\/\/evelinschertle.de\/webzumir\/wp-content\/uploads\/2021\/05\/009-921x1024.jpg 921w, https:\/\/evelinschertle.de\/webzumir\/wp-content\/uploads\/2021\/05\/009-270x300.jpg 270w, https:\/\/evelinschertle.de\/webzumir\/wp-content\/uploads\/2021\/05\/009-768x854.jpg 768w, https:\/\/evelinschertle.de\/webzumir\/wp-content\/uploads\/2021\/05\/009.jpg 1000w\" sizes=\"(max-width: 921px) 100vw, 921px\" \/><\/figure><\/div>\n\n\n\n<p class=\"has-text-align-center has-medium-font-size\"><strong>Den k\u00fcnstlerischen Ausdruck verstehe ich als eine Huldigung an die Sch\u00f6pfung.<\/strong><\/p>\n\n\n\n<p class=\"has-text-align-center\">I understand artistic expression as a homage to creation.<\/p>\n\n\n\n<div class=\"wp-block-image is-style-default\"><figure class=\"aligncenter size-large\"><img loading=\"lazy\" width=\"1000\" height=\"760\" src=\"https:\/\/evelinschertle.de\/webzumir\/wp-content\/uploads\/2021\/05\/010.jpg\" alt=\"\" class=\"wp-image-157\" srcset=\"https:\/\/evelinschertle.de\/webzumir\/wp-content\/uploads\/2021\/05\/010.jpg 1000w, https:\/\/evelinschertle.de\/webzumir\/wp-content\/uploads\/2021\/05\/010-300x228.jpg 300w, https:\/\/evelinschertle.de\/webzumir\/wp-content\/uploads\/2021\/05\/010-768x584.jpg 768w\" sizes=\"(max-width: 1000px) 100vw, 1000px\" \/><\/figure><\/div>\n\n\n\n<p class=\"has-text-align-center has-medium-font-size\"><strong>Biografischer Abriss\u00a0\u00a0 <\/strong>Evelin Schertle<\/p>\n\n\n\n<p><\/p>\n\n\n<p>&nbsp;&nbsp;&nbsp;&nbsp;&nbsp;&nbsp;&nbsp;&nbsp;&nbsp;&nbsp;&nbsp;&nbsp;&nbsp;&nbsp;&nbsp;&nbsp;&nbsp;&nbsp;&nbsp;&nbsp;&nbsp;&nbsp;&nbsp;&nbsp;&nbsp;&nbsp;&nbsp;&nbsp;&nbsp;&nbsp;&nbsp;&nbsp;&nbsp;&nbsp;&nbsp;&nbsp;&nbsp;&nbsp;&nbsp;&nbsp;&nbsp;&nbsp;&nbsp;&nbsp;&nbsp;&nbsp;&nbsp;&nbsp; 1966&nbsp;&nbsp;&nbsp;&nbsp;&nbsp;&nbsp;&nbsp; Evelin Schertle wird am 26.Mai 1966 in Waldshut \u2013Tiengen als letztes von 4 Kindern geboren.<\/p>\n<p>&nbsp;&nbsp;&nbsp;&nbsp;&nbsp;&nbsp;&nbsp;&nbsp;&nbsp;&nbsp;&nbsp;&nbsp;&nbsp;&nbsp;&nbsp;&nbsp;&nbsp;&nbsp;&nbsp;&nbsp;&nbsp;&nbsp;&nbsp;&nbsp;&nbsp;&nbsp;&nbsp;&nbsp;&nbsp;&nbsp;&nbsp;&nbsp;&nbsp;&nbsp;&nbsp;&nbsp;&nbsp;&nbsp;&nbsp;&nbsp;&nbsp;&nbsp;&nbsp;&nbsp;&nbsp;&nbsp;&nbsp;&nbsp; 1972-&nbsp;&nbsp;&nbsp;&nbsp;&nbsp; Besuch der Schule\u2026<br>&nbsp;&nbsp;&nbsp;&nbsp;&nbsp;&nbsp;&nbsp;&nbsp;&nbsp;&nbsp;&nbsp;&nbsp;&nbsp;&nbsp;&nbsp;&nbsp;&nbsp;&nbsp;&nbsp;&nbsp;&nbsp;&nbsp;&nbsp;&nbsp;&nbsp;&nbsp;&nbsp;&nbsp;&nbsp;&nbsp;&nbsp;&nbsp;&nbsp;&nbsp;&nbsp;&nbsp;&nbsp;&nbsp;&nbsp;&nbsp;&nbsp;&nbsp;&nbsp;&nbsp;&nbsp;&nbsp;&nbsp;&nbsp; 1983&nbsp;&nbsp;&nbsp;&nbsp;&nbsp;&nbsp; Sie bekommt auf Grund ihres Talentes 4 kleine Kunstb\u00e4nde und einen \u00d6lmalkasten geschenkt; Intensive Besch\u00e4ftigung damit.<\/p>\n<p><br>&nbsp;&nbsp;&nbsp;&nbsp;&nbsp;&nbsp;&nbsp;&nbsp;&nbsp;&nbsp;&nbsp;&nbsp;&nbsp;&nbsp;&nbsp;&nbsp;&nbsp;&nbsp;&nbsp;&nbsp;&nbsp;&nbsp;&nbsp;&nbsp;&nbsp;&nbsp;&nbsp;&nbsp;&nbsp;&nbsp;&nbsp;&nbsp;&nbsp;&nbsp;&nbsp;&nbsp;&nbsp;&nbsp;&nbsp;&nbsp;&nbsp;&nbsp;&nbsp;&nbsp;&nbsp;&nbsp;&nbsp; 1984&nbsp;&nbsp;&nbsp;&nbsp; Eigener Wohnsitz.<br>&nbsp;&nbsp;&nbsp;&nbsp;&nbsp;&nbsp;&nbsp;&nbsp;&nbsp;&nbsp;&nbsp;&nbsp;&nbsp;&nbsp;&nbsp;&nbsp;&nbsp;&nbsp;&nbsp;&nbsp;&nbsp;&nbsp;&nbsp;&nbsp;&nbsp;&nbsp;&nbsp;&nbsp;&nbsp;&nbsp;&nbsp;&nbsp;&nbsp;&nbsp;&nbsp;&nbsp;&nbsp;&nbsp;&nbsp;&nbsp;&nbsp;&nbsp;&nbsp;&nbsp;&nbsp;&nbsp;&nbsp;&nbsp;&nbsp;&nbsp;&nbsp;&nbsp;&nbsp;&nbsp;&nbsp;&nbsp;&nbsp;&nbsp;&nbsp;&nbsp; Erste Portraits und Landschaftsbilder in \u00d6l.<br>&nbsp;&nbsp;&nbsp;&nbsp;&nbsp;&nbsp;&nbsp;&nbsp;&nbsp;&nbsp;&nbsp;&nbsp;&nbsp;&nbsp;&nbsp;&nbsp;&nbsp;&nbsp;&nbsp;&nbsp;&nbsp;&nbsp;&nbsp;&nbsp;&nbsp;&nbsp;&nbsp;&nbsp;&nbsp;&nbsp;&nbsp;&nbsp;&nbsp;&nbsp;&nbsp;&nbsp;&nbsp;&nbsp;&nbsp;&nbsp;&nbsp;&nbsp;&nbsp;&nbsp;&nbsp;&nbsp;&nbsp;&nbsp;&nbsp;&nbsp;&nbsp;&nbsp;&nbsp;&nbsp;&nbsp;&nbsp;&nbsp;&nbsp;&nbsp;&nbsp; In selber Intensit\u00e4t Kohlezeichnungen unterschiedlicher Sujets.<\/p>\n<p>&nbsp;&nbsp;&nbsp;&nbsp;&nbsp;&nbsp;&nbsp;&nbsp;&nbsp;&nbsp;&nbsp;&nbsp;&nbsp;&nbsp;&nbsp;&nbsp;&nbsp;&nbsp;&nbsp;&nbsp;&nbsp;&nbsp;&nbsp;&nbsp;&nbsp;&nbsp;&nbsp;&nbsp;&nbsp;&nbsp;&nbsp;&nbsp;&nbsp;&nbsp;&nbsp;&nbsp;&nbsp;&nbsp;&nbsp;&nbsp;&nbsp;&nbsp;&nbsp;&nbsp;&nbsp;&nbsp;&nbsp; 1992-&nbsp;&nbsp;&nbsp;&nbsp; Ortswechsel und Studienreisen.<br>&nbsp;&nbsp;&nbsp;&nbsp;&nbsp;&nbsp;&nbsp;&nbsp;&nbsp;&nbsp;&nbsp;&nbsp;&nbsp;&nbsp;&nbsp;&nbsp;&nbsp;&nbsp;&nbsp;&nbsp;&nbsp;&nbsp;&nbsp;&nbsp;&nbsp;&nbsp;&nbsp;&nbsp;&nbsp;&nbsp;&nbsp;&nbsp;&nbsp;&nbsp;&nbsp;&nbsp;&nbsp;&nbsp;&nbsp;&nbsp;&nbsp;&nbsp;&nbsp;&nbsp;&nbsp;&nbsp;&nbsp; 1996<\/p>\n<p>&nbsp;&nbsp;&nbsp;&nbsp;&nbsp;&nbsp;&nbsp;&nbsp;&nbsp;&nbsp;&nbsp;&nbsp;&nbsp;&nbsp;&nbsp;&nbsp;&nbsp;&nbsp;&nbsp;&nbsp;&nbsp;&nbsp;&nbsp;&nbsp;&nbsp;&nbsp;&nbsp;&nbsp;&nbsp;&nbsp;&nbsp;&nbsp;&nbsp;&nbsp;&nbsp;&nbsp;&nbsp;&nbsp;&nbsp;&nbsp;&nbsp;&nbsp;&nbsp;&nbsp;&nbsp;&nbsp;&nbsp; ab &nbsp; &nbsp;&nbsp;&nbsp;&nbsp; Sesshaft im Hochschwarzwald.<br>&nbsp;&nbsp;&nbsp;&nbsp;&nbsp;&nbsp;&nbsp;&nbsp;&nbsp;&nbsp;&nbsp;&nbsp;&nbsp;&nbsp;&nbsp;&nbsp;&nbsp;&nbsp;&nbsp;&nbsp;&nbsp;&nbsp;&nbsp;&nbsp;&nbsp;&nbsp;&nbsp;&nbsp;&nbsp;&nbsp;&nbsp;&nbsp;&nbsp;&nbsp;&nbsp;&nbsp;&nbsp;&nbsp;&nbsp;&nbsp;&nbsp;&nbsp;&nbsp;&nbsp;&nbsp;&nbsp; 1996&nbsp;&nbsp;&nbsp;&nbsp; Intensive Naturerlebnisse und k\u00fcnstlerische Gestaltung.<\/p>\n<p>&nbsp;<\/p>\n\n\n<p><\/p>\n","protected":false},"excerpt":{"rendered":"<p>3. zu mir Meine Arbeiten sind ein Zusammenflie\u00dfen meiner Wahrnehmungen, etwas Mondiales. My works are a confluence of my perceptions, something mondial. Nach meinem Daf\u00fcrhalten sind Mensch und Natur eine Synthese. In my opinion, man and nature are a synthesis. Je stiller es wird, je mehr h\u00f6re ich. The quieter it gets, the more I&hellip;&nbsp;<a href=\"https:\/\/evelinschertle.de\/webzumir\/\" class=\"\" rel=\"bookmark\">Weiterlesen &raquo;<span class=\"screen-reader-text\">Home<\/span><\/a><\/p>\n","protected":false},"author":1,"featured_media":0,"parent":0,"menu_order":0,"comment_status":"closed","ping_status":"closed","template":"","meta":{"neve_meta_sidebar":"","neve_meta_container":"full-width","neve_meta_enable_content_width":"","neve_meta_content_width":0,"neve_meta_title_alignment":"","neve_meta_author_avatar":"","neve_post_elements_order":"","neve_meta_disable_header":"","neve_meta_disable_footer":"","neve_meta_disable_title":"on","ngg_post_thumbnail":0},"_links":{"self":[{"href":"https:\/\/evelinschertle.de\/webzumir\/wp-json\/wp\/v2\/pages\/31"}],"collection":[{"href":"https:\/\/evelinschertle.de\/webzumir\/wp-json\/wp\/v2\/pages"}],"about":[{"href":"https:\/\/evelinschertle.de\/webzumir\/wp-json\/wp\/v2\/types\/page"}],"author":[{"embeddable":true,"href":"https:\/\/evelinschertle.de\/webzumir\/wp-json\/wp\/v2\/users\/1"}],"replies":[{"embeddable":true,"href":"https:\/\/evelinschertle.de\/webzumir\/wp-json\/wp\/v2\/comments?post=31"}],"version-history":[{"count":16,"href":"https:\/\/evelinschertle.de\/webzumir\/wp-json\/wp\/v2\/pages\/31\/revisions"}],"predecessor-version":[{"id":179,"href":"https:\/\/evelinschertle.de\/webzumir\/wp-json\/wp\/v2\/pages\/31\/revisions\/179"}],"wp:attachment":[{"href":"https:\/\/evelinschertle.de\/webzumir\/wp-json\/wp\/v2\/media?parent=31"}],"curies":[{"name":"wp","href":"https:\/\/api.w.org\/{rel}","templated":true}]}}