{"id":209,"date":"2021-09-09T18:50:26","date_gmt":"2021-09-09T16:50:26","guid":{"rendered":"https:\/\/evelinschertle.de\/zeichnungen\/?page_id=209"},"modified":"2021-09-09T19:04:39","modified_gmt":"2021-09-09T17:04:39","slug":"texte-2","status":"publish","type":"page","link":"https:\/\/evelinschertle.de\/zeichnungen\/texte-2\/","title":{"rendered":"Texte"},"content":{"rendered":"\n<p>Die Geburt der Grafik aus dem Geiste des Schattenrisses oder: die Performanz der Form.<\/p>\n\n\n\n<p>Zu den Handzeichnungen von Eveline Schertle.<\/p>\n\n\n\n<p><strong>Sybille Kr\u00e4mer<\/strong><\/p>\n\n\n\n<p>EINDR\u00dcCKE<\/p>\n\n\n\n<p>1.<\/p>\n\n\n\n<p>Beim ersten Anschauen der Zeichnungen: Von einem Blatt zum n\u00e4chsten \u00fcbergehend, werden wir hineingezogen in ein Panoptikum wechselnder Formen: st\u00e4ndig in Bewegung, dynamisch, neue Formen geb\u00e4rend, Formen zersetzend, verlierend, zersprengend und dann gleich mit der n\u00e4chsten Zeichnung: wieder andere Formen, andere Verl\u00e4ufe. Es gibt keinen Arretierungspunkt. Manchmal auch wie ein Dschungel aus Wucherndem: &nbsp;Pflanzen, Korallen, Schilf, Wurzeln. Dazwischen &#8211; und ganz selten &#8211; auch Kristallartiges oder Wellenf\u00f6rmiges. Der erste Eindruck in dieser Aufeinanderfolge von Zeichnungen ist: <em>Unerm\u00fcdliches Entstehen und Vergehen<\/em>. Und ich als Betrachterin bin mittendrin, fast ohne Distanz, umschlossen vom bildnerischen Geschehen oder vielleicht gar: eingeschlossen?<\/p>\n\n\n\n<p>2.<\/p>\n\n\n\n<p>Was also ist zu sehen? Jedenfalls: keine Figuren, keine Gegenst\u00e4nde, keine Landschaften, kein bestimmtes Sujet. Was da in der Reihe der Zeichnungen geschieht, ist wie die Aufk\u00fcndigung des Abbildcharakters von Zeichnungen, wie ein Aufgeben jeglicher Mimesis oder gar des Anspruchs auf \u00c4hnlichkeit zwischen Bild und einem \u201ada Drau\u00dfen\u2018. Stattdessen wird etwas evoziert <em>durch<\/em> das Bild selbst, es geschieht etwas <em>im<\/em> Bild, hervorgerufen gerade auch im Wechsel der Zeichnungen. Das, was entsteht, ist ein Eindruck von Natur, von Pflanzlichem, von Organischem, ein Wachsen und Vergehen von genau dem, was auf dem Blatt durch die Zeichnung \u00fcberhaupt erst geschaffen wird und im \u201ada Drau\u00dfen\u2018 auch kein Vorbild findet. Die Zeichnung zeigt nicht etwas, sondern sie zeigt sich. Aber noch einmal: <em>Was<\/em> zeigt sich da?<\/p>\n\n\n\n<p>3.<\/p>\n\n\n\n<p>Ist es aufschlussreich zu \u00fcberlegen, was <em>nicht<\/em> gezeigt wird? Die einzelnen Zeichnungen haben kaum ein Zentrum, welches das Bildgeschehen organisiert. Wenn das Blatt gedreht wird, bleibt das, was sich zeigt, darauf gewahrt: Die Drehung ver\u00e4ndert nicht den Gehalt. Und die Zeichnungen sind auch nicht auf ein betrachtendes Subjekt hin konzipiert. Sie entwickeln ein Eigenleben, das auskommt ganz ohne den, der sie anschaut, als ein organisierendes Zentrum der Bildkomposition einzusetzen. Dazu geh\u00f6rt auch der Verzicht auf Perspektive, auf die Imitation einer dritten Dimension, auf Tiefe. Ganz selten nur blitzt eine Art von R\u00e4umlichkeit auf. Die meisten Zeichnungen sind im Bunde mit dem, was an ihnen gerade nicht naturhaft ist; und das ist ihre zweidimensionale Fl\u00e4chigkeit, die allen Bildern im Unterschied zu Skulpturen aber auch unserer Umwelt, eignet. W\u00e4re das Wort \u201aflach\u2018 nicht so absch\u00e4tzig gemeint in unserem Wortgebrauch, so k\u00f6nnte man sagen: Diese Zeichnungen betonen ihre Fl\u00e4chigkeit, ihr Flachsein. Ort des Bildgeschehens ist eine Oberfl\u00e4che unter Verzicht auf die k\u00fcnstlerische Illusion einer dreidimensionalen, volumin\u00f6sen R\u00e4umlichkeit, mit der h\u00e4ufig bei Zeichnungen ihr origin\u00e4res Medium \u2013 die Oberfl\u00e4che von Papier &#8211; m\u00f6glichst zum Verschwinden gebracht und unsichtbar werden soll. Hier arbeitet das Papier mit an dem, was sich auf ihm zeichnerisch \u2013 und \u00e4sthetisch \u2013&nbsp; ereignet.<\/p>\n\n\n\n<p>4.<\/p>\n\n\n\n<p>Was sich zeigt sind Schattenrisse in unendlicher F\u00fclle m\u00f6glicher Formung. Strukturen, die entstehen aus gewundenen Linien \u2013 gerade Linien sind selten \u2013&nbsp; oder aus Punktmengen nur durch Schraffuren lose zusammengehalten, die sich gerne verlieren und in ihre Umgebung zerbr\u00f6seln. Und es gibt immer wieder: Verwischungen, so als ob die klare Grenze von Licht und Schatten zur\u00fcckweicht in eine D\u00e4mmerung und dabei wieder amorph wird. &nbsp;<\/p>\n\n\n\n<p>Ist es vielleicht das, was wir zu sehen bekommen: wie aus etwas Amorphem, Gestaltlosen, aus dem also, was ohne Struktur und Richtung ist, dann doch Gestaltetes entsteht? \u201aGestalt\u2018 nicht als Figur vor einem Hintergrund, sondern als etwas, das einen immer nur augenblicklichen Zusammenhang bildet, zum Nexus sich f\u00fcgt, welcher dann doch wieder verloren geht, eingeht und \u00fcbergeht ins Gestaltlose?&nbsp; Das Leben der Form hervorgehend aus der Formlosigkeit und in sie wieder zur\u00fcckweichend? Werden die Betrachtenden der Handzeichnungen zu Zeugen eines urt\u00fcmlichen, fast schon archaischen Zusammenspiels von Gestalt und Gestaltlosigkeit? Es zeigen sich Formen, die dann, in der Freiheit ihrer Dynamik und Selbstbewegung auf dem Papier ihr Formelement, ihre Relation zueinander wieder aufgeben, um in jenes Amorphe wieder einzutauchen, das in seiner Richtungs- und Strukturlosigkeit zum N\u00e4hrboden wird f\u00fcr neue, f\u00fcr andersartige Gestaltungen?<\/p>\n\n\n\n<p>Reflexionen<\/p>\n\n\n\n<p>5.<\/p>\n\n\n\n<p>Der Graphismus des Aufzeichnens ist so alt, wie die menschliche Sprache selbst. Gibt es humane Gemeinschaften, die auskommen ohne Markierung und Ornament, ohne visuelle Grenzziehungen, ohne bildhafte Gestaltung ihrer Haut, ihres K\u00f6rpers, ihrer Umwelt? Allzulange schien allein der gesprochenen Sprache das Privileg zuzukommen, den Menschen \u201azum Menschen\u2018 zu machen. Doch w\u00e4hrend die Sprache zumindest Vorl\u00e4ufer findet in der signalsprachlichen Kommunikation zwischen Tieren, ist es gerade der Graphismus bildhafter Einzeichnung, der die menschliche Sph\u00e4re untr\u00fcglich von der tierischen sondert \u2013 wie der Pal\u00e4ontologe Andr\u00e9 Leroi Gourhan betont.<a href=\"#_ftn1\">[1]<\/a> Es gibt eine \u201aKulturgeschichte der Verflachung\u2018, welche sich erstreckt von der H\u00f6hlenmalerei und Hautt\u00e4towierung, zur Erfindung von Bildern, Schriften und Karten, vom Einsatz von Graphen und Diagrammen in den Wissenschaften und K\u00fcnsten bis hin zur Allgegenwart des Computerbildschirmes, der im Smartphone zum buchst\u00e4blichen Teil des menschlichen Leibes mutiert.<a href=\"#_ftn2\">[2]<\/a> In der artifiziellen Fl\u00e4chigkeit liegen die Wurzeln nicht nur der zweidimensionalen Abbildung von allem was ist, was noch nicht ist oder was niemals sein kann (denken wir an logisch widerspr\u00fcchliche Objekte, denken wir an Eschers Zeichnungen!); sondern hier finden wir auch die Probest\u00e4tten des Entwurfs, der Kreation, des Spiels. Sind K\u00fcnste, Wissenschaften, Technik und Architektur denkbar ohne den Experimentierraum der Fl\u00e4che, die geduldig und offen ist f\u00fcr jeden Einfall und verschwiegen bleibt, wenn dieser wieder gel\u00f6scht wird? Wir haben nicht nur den Graphismus, sondern auch die mit ihm verbundene \u201aKulturtechnik der Verflachung\u2018 als ein produktives, ein sch\u00f6pferisches, ein kulturstiftendes Potenzial zu denken.<\/p>\n\n\n\n<p>6.<\/p>\n\n\n\n<p>Der Schatten ist die Naturalform der Projektion von Dreidimensionalem in die Zweidimensionalit\u00e4t. &nbsp;Nicht zuf\u00e4llig steht der Schattenriss Pate in der Genese von Kunst und Wissenschaft: Plinius der \u00c4ltere<a href=\"#_ftn3\">[3]<\/a> f\u00fchrt die Entstehung des Bildes zur\u00fcck auf den Schattenriss, den Dibutades, die T\u00f6pfertochter von ihrem scheidenden Geliebten an die Wand projiziert. Die Sonnenuhr, in nahezu allen antiken Zivilisationen zur Zeitmessung eingesetzt, arbeitet mit dem Schattenstab, dem Gnomon, durch den die Schattenbewegung den Ablauf der Zeit sinnlich sichtbar markiert und messbar macht. &nbsp;<\/p>\n\n\n\n<p>Das Material in den Handzeichnungen sind Licht-Schattenverh\u00e4ltnisse. Aber nicht, um auf die Fl\u00e4che zu projizieren, was es ohne diese Licht-Schatten Konturen bereits gibt: einen scheidenden Geliebten, eine bestimmte Zeit\u2026.Sondern um das Hell-Dunkel als dynamische Urszene auf dem Papier erstehen <\/p>\n\n\n\n<p class=\"has-small-font-size\">[1] <em>Leroi<\/em>&#8211;<em>Gourhan, Andr\u00e9 (1980):<\/em><em>Hand und Wort. Die Evolution von Technik, Sprache und Kunst<\/em>, Frankfurt a. M.: Suhrkamp.[2] Kr\u00e4mer, Sybille (2016): <em>Figuration, Anschauung, Erkenntnis. Grundlinien einer Diagrammatologie<\/em>, Berlin: Suhrkamp. [3] Plinius Secundus der \u00c4ltere, Gaius (1997): <em>Naturkunde\/ Historia Naturalisin 37 Bdn., lat.\/dt.,Buch 35: Farben, Malerei, Plastik<\/em>, \u00fcbers. v. Roderich K\u00f6nig (Hg.) in Zusammenarbeit mit Gerhard Winkler, D\u00fcsseldorf\/Z\u00fcrich: Artemis &amp; Winkler.<\/p>\n\n\n\n<p>zu lassen, so dass es zur Geburtsst\u00e4tte werden kann f\u00fcr alles, was mit dem Entstehen und Vergehen von Form zu tun hat.<\/p>\n\n\n\n<hr class=\"wp-block-separator\"\/>\n\n\n\n<p class=\"has-small-font-size\"><\/p>\n\n\n\n<p>7.<\/p>\n\n\n\n<p>Doch \u201aForm\u2018 ist eine Abstraktion. Was wir als bleibende Form rings um uns wahrnehmen ist dem Umstand geschuldet, dass unsere Sinne die Bewegungen im ganz Kleinen und ganz Gro\u00dfen gar nicht wahrnehmen k\u00f6nnen. Wenn wir Natur, Kunst, \u00c4sthetik oder Architektur mit der Stabilit\u00e4t von Strukturen und Formgebungen assoziieren, so blenden wir dabei aus, dass alles, was ist, in Bewegung ist. Form ist Performanz, ist der best\u00e4ndige Prozess des sich Wandelns. Die Unbeweglichkeit der Form ist eine Illusion, wenn auch eine notwendige. Menschen brauchen, woran sie sich festhalten und was sie \u201aals etwas\u2018 bestimmen k\u00f6nnen.&nbsp;<\/p>\n\n\n\n<p>8.<\/p>\n\n\n\n<p>Evelin Schertles Zeichnungen sind nicht <em>als etwas<\/em> bestimmbar. Daf\u00fcr ziehen sie uns hinein in die Springquelle und Urszene von dem, was das Bildermachen und das Bildbetrachten zeichnerisch bedeuten: Durch den Strich, den Punkt und ihre Verwischungen Linien, Konfigurationen, Konstellationen festgerinnen lassen. Und damit \u00fcberhaupt erst die Idee der Form und Formung hervorbringen. Doch die Unbest\u00e4ndigkeit der Form ist unabweisbar; Prozessualit\u00e4t bildet die Ontologie unserer Welt; Sein ist Verwandelbarsein. Und daher wollen diese Handzeichnungen nicht einfach Formen zeigen. Sondern sie werden zum Schauplatz der Entstehung von Gestalt aus der Gestaltlosigkeit, wie auch der R\u00fcckkehr in diese. Es ist die k\u00fcnstlerisch inskribierte Fl\u00e4che, die uns eine solche Erfahrung als \u00e4sthetisches Erlebnis m\u00f6glich macht: Die Geburt der Grafik aus dem Geiste der Schattenkonstellationen. Oder auch: die erlebte Performanz der Form.<\/p>\n\n\n\n<p>Berlin, 12. August 2021<\/p>\n\n\n\n<p><strong>Sybille Kr\u00e4mer war bis zum Ruhestand im April 2018 Professorin f\u00fcr Philosophie an der Freien Universit\u00e4t Berlin und ist seit M\u00e4rz 2019 Seniorprofessorin (\u201aGastwissenschaftlerin\u2018) an der Leuphana Universit\u00e4t L\u00fcneburg. Die Universit\u00e4t Link\u00f6ping\/Schweden verlieh ihr 2016 den Ehrendoktor (Dr. h.c.).<\/strong><\/p>\n\n\n\n<hr class=\"wp-block-separator\"\/>\n\n\n\n<p><a href=\"#_ftnref1\">[1]<\/a> <em>Leroi<\/em>&#8211;<em>Gourhan, Andr\u00e9 (1980):<\/em> <em>Hand<\/em><em> und Wort. Die Evolution von Technik, Sprache und Kunst<\/em>, Frankfurt a. M.: Suhrkamp.<\/p>\n\n\n\n<p><a href=\"#_ftnref2\">[2]<\/a> Kr\u00e4mer, Sybille (2016): <em>Figuration, Anschauung, Erkenntnis. Grundlinien einer Diagrammatologie<\/em>, Berlin: Suhrkamp.<\/p>\n\n\n\n<p><a href=\"#_ftnref3\">[3]<\/a> Plinius Secundus der \u00c4ltere, Gaius (1997): <em>Naturkunde\/ Historia Naturalis<\/em> <em>in 37 Bdn., lat.\/dt.,<\/em> <em>Buch 35: Farben, Malerei, Plastik<\/em>, \u00fcbers. v. Roderich K\u00f6nig (Hg.) in Zusammenarbeit mit Gerhard Winkler, D\u00fcsseldorf\/Z\u00fcrich: Artemis &amp; Winkler.<\/p>\n\n\n\n<p><\/p>\n\n\n\n<p>The birth of the graphic from the spirit of the silhouette or: the performance of the form.<\/p>\n\n\n\n<p>About the hand drawings of Eveline Schertle.<\/p>\n\n\n\n<p><strong>Sybille Kr\u00e4mer<\/strong><\/p>\n\n\n\n<p>IMPRESSIONS<\/p>\n\n\n\n<p>1.<\/p>\n\n\n\n<p>When looking at the drawings for the first time: moving from one sheet to the next, we are drawn into a panopticon of changing forms: constantly in motion, dynamic, giving birth to new forms, breaking down forms, losing, dispersing and then right away with the next drawing: again, other forms, other courses. There is no locking point. Sometimes like a jungle of rampant growth: plants, corals, reed, roots. Among them &#8211; occasionally \u2013 crystal- or wavy-like structures. The first impression in this sequence of drawings is: <em>Tireless creation and decay<\/em>. And as the viewer, I am right in the middle of it all, almost without any distance, surrounded by the artistic happenings or maybe even: enclosed?<\/p>\n\n\n\n<p>2.<\/p>\n\n\n\n<p>What is there to see? In any case: no body shapes, no objects, no landscapes, no specific subject. What happens in the sequence of drawings is like the revocation of the portrayal character of drawings, like an abandonment of any mimesis or even of the claim to resemblance between an image and an &#8218;outside world\u2019. Instead, something is evoked <em>by<\/em> the picture itself, something happens <em>in<\/em> the picture, caused by the alternation of the drawings. The result is an impression of nature, of the vegetal, of the organic, a growth and decay of what is created on the sheet by the drawing in the first place and what does not find a model in the ,outside world\u2019. The drawing does not show something, it shows itself. But again: <em>what<\/em> is showing itself?<\/p>\n\n\n\n<p>3.<\/p>\n\n\n\n<p>Is it more insightful to reflect on what is <em>not<\/em> being shown? The individual drawings hardly have a center that organizes the narrative of the picture.<\/p>\n\n\n\n<p>&nbsp;When the picture is rotated, what shows itself remains: the rotation does not change the content. And the drawings are not designed for an observing subject. They develop a life of their own that gets by without using whoever is looking at them as an organizing center of the image composition. This also includes the renunciation of any perspective, of any imitation of a third dimension and of any depth. Very rarely a kind of spatiality flares up. Most drawings are in league with what is not natural about them; and that is their two-dimensional flatness, which is inherent to all pictures, in contrast to sculptures, but also our environment. If the word ,flat&#8216; were not meant so disparagingly in our language, one could say: These drawings emphasize their flatness, their being flat. The location of the image narrative is a surface that renounces the artistic illusion of a three-dimensional, voluminous spatiality, with which the original medium of drawings &#8211; the surface of paper &#8211; is often intended to disappear and to become invisible. Here the paper works with what is happening on it graphically &#8211; and aesthetically.<\/p>\n\n\n\n<p>4. What appears are silhouettes in an infinite abundance of possible shaping. Structures that arise from sinuous lines &#8211; straight lines are rare &#8211; or from point sets loosely held together only by hatching, which tend to get lost and crumble into their surroundings. And again, and again: blurring, as if the clear border between light and shadow receded into twilight and became amorphous again.<\/p>\n\n\n\n<p>Is that perhaps what we see: how something shaped emerges from the amorphous and shapeless, from something that is without structure and direction? ,Shape&#8216; not as a figure in front of a background, but as something that always forms an only momentary context, that fits into the nexus, which is then lost again, entering, and merging into the shapeless? The life of form emerging from formlessness and receding into it again? Is the viewer of the hand drawings witness of a primeval, almost archaic interplay of shape and shapelessness? Forms appear, which then, in the freedom of their dynamics and self-movement on paper, give up their form element, their relation to one another, to immerse themselves in the amorphous, which in its lack of direction and structure becomes a breeding ground for new, for different designs?<\/p>\n\n\n\n<p>Reflexion<\/p>\n\n\n\n<p>5.<\/p>\n\n\n\n<p>The graphical design element of recording is as old as human language itself. Are there human communities that get along without symbol and ornament, without visual demarcation, without graphic design of their skin, their body, their environment? For too long it seemed that spoken language alone had the privilege of making a human being a ,human being\u2019. But while language at least finds a precursor in signal communication between animals, it is precisely the graphical design element of pictorial drawing that unmistakably distinguishes the human sphere from the animal one &#8211; as the palaeontologist Andr\u00e9 Leroi Gourhan emphasizes.<a href=\"#_ftn1\">[1]<\/a> There is a ,cultural history of flattening&#8216;, extending from cave painting and skin tattoos to the invention of images, writing and maps, from the use of graphs and diagrams in sciences and arts to the omnipresence of the computer screen, which as smartphone mutates into a part of the human body.<a href=\"#_ftn2\">[2]<\/a> The artificial flatness has its roots not only in the two-dimensional representation of everything that is, what is not yet or what can never be (thinking of logically contradicting objects, thinking of Escher&#8217;s drawings!); but we also find rehearsal sites for concept, creation and play. Are arts, sciences, technology, and architecture possible without the experimental space of the surface, which is patient and open to every idea and remains silent when this idea is deleted again? We not only have to regard the graphical design element, but also the associated ,cultural technique of flattening&#8216; as a productive, creative, and culture-creating potential.<\/p>\n\n\n\n<p>6.<\/p>\n\n\n\n<p>The shadow is the natural shape of the projection of the three-dimensional into two-dimensionality. It is no coincidence that the silhouette is the inspiration for the genesis of art and science: Pliny the Elder<a href=\"#_ftn3\">[3]<\/a> traces the creation of the image back to the silhouette that Dibutades, the potter&#8217;s daughter, projected onto the wall by her departing lover. The sundial, used in almost all ancient civilizations to measure time, works with a shadow stick, the gnomon, through which the movement of the shadow marks the passage of time in a sensually visible way and makes it measurable.<\/p>\n\n\n\n<p>The material in the hand drawings is the ratio between light and shadow. But not to project onto the surface what already exists without these light-shadow contours: a departing lover, a certain time &#8230; but rather to let the chiaroscuro emerge as a dynamic primal scene on paper so that it can become a birthplace for everything that has to do with the appearance and disappearance of form.<\/p>\n\n\n\n<p>7.<\/p>\n\n\n\n<p>But ,form&#8216; is an abstraction. What we observe as a permanent form around us is due to the fact that our senses cannot perceive the movements in the very small and the very large. When we associate nature, art, aesthetics, or architecture with the stability of structures and shapes, we ignore that<\/p>\n\n\n\n<p class=\"has-small-font-size\">[1] <em>Leroi<\/em>&#8211;<em>Gourhan, Andr\u00e9 (1980):<\/em> <em>Hand und Wort. Die Evolution von Technik, Sprache und Kunst<\/em>, Frankfurt a. M.: Suhrkamp (english: translated by Bostock Berger, Anna (1993): \u201e<em>Gesture and Speech\u201c<\/em>).[2] Kr\u00e4mer, Sybille (2016): <em>Figuration, Anschauung, Erkenntnis. Grundlinien einer Diagrammatologie<\/em>, Berlin: Suhrkamp. [3] Plinius Secundus der \u00c4ltere, Gaius (1997): <em>Naturkunde\/ Historia Naturalisin 37 Bdn., lat.\/dt.,Buch 35: Farben, Malerei, Plastik<\/em>, \u00fcbers. v. Roderich K\u00f6nig (Hg.) in Zusammenarbeit mit Gerhard Winkler, D\u00fcsseldorf\/Z\u00fcrich: Artemis &amp; Winkler (english: translated by Bostock, John; Riley, H. T. (1855): <em>&#8222;Pliny the Elder, The Natural History&#8220;, <\/em>Perseus at Tufts. Retrieved 28 May 2015).<\/p>\n\n\n\n<p class=\"has-small-font-size\"><\/p>\n\n\n\n<p>everything that exists is in motion. Form is performance, is the constant process of change. The immobility of form is an illusion, even though a necessary one. People need that what they can grasp and what they can define ,as something&#8216;.<\/p>\n\n\n\n<p>8.<\/p>\n\n\n\n<p>Evelin Schertle&#8217;s drawings are not definable <em>as something<\/em>. Instead, they involve us into the source and primal scene of what creating pictures and viewing pictures means graphically: to capture lines, configurations, constellations through stroke, point and their blurring. And thereby creating the idea of form and shaping. But the impermanence of form is undeniable; process forms the ontology of our world; to be is to be changeable. And therefore, these hand drawings do not just want to show shapes. But they become the scene of the creation of form out of formlessness, as well as the return to it. It is the artistically inscribed surface that allows such an experience as an aesthetic experience: the birth of graphics from the spirit of shadow constellations. Or: the experienced performance of the form.<\/p>\n\n\n\n<p>Berlin, August 12, 2021<\/p>\n\n\n\n<p><strong>Sybille Kr\u00e4mer was Professor of Philosophy at the Free University of Berlin until her retirement in April 2018 and has been a Senior Professor (&#8218;Visiting Scientist&#8216;) at the Leuphana University of L\u00fcneburg since March 2019. The University of Link\u00f6ping \/ Sweden awarded her an honorary doctorate (Dr. h.c.) in 2016<\/strong><\/p>\n\n\n\n<hr class=\"wp-block-separator\"\/>\n\n\n\n<p><a href=\"#_ftnref1\">[1]<\/a> <em>Leroi<\/em>&#8211;<em>Gourhan, Andr\u00e9 (1980):<\/em> <em>Hand<\/em><em> und Wort. Die Evolution von Technik, Sprache und Kunst<\/em>, Frankfurt a. M.: Suhrkamp (english: translated by Bostock Berger, Anna (1993): \u201e<em>Gesture and Speech\u201c<\/em>).<\/p>\n\n\n\n<p><a href=\"#_ftnref2\">[2]<\/a> Kr\u00e4mer, Sybille (2016): <em>Figuration, Anschauung, Erkenntnis. Grundlinien einer Diagrammatologie<\/em>, Berlin: Suhrkamp.<\/p>\n\n\n\n<p><a href=\"#_ftnref3\">[3]<\/a> Plinius Secundus der \u00c4ltere, Gaius (1997): <em>Naturkunde\/ Historia Naturalis<\/em> <em>in 37 Bdn., lat.\/dt.,<\/em> <em>Buch 35: Farben, Malerei, Plastik<\/em>, \u00fcbers. v. Roderich K\u00f6nig (Hg.) in Zusammenarbeit mit Gerhard Winkler, D\u00fcsseldorf\/Z\u00fcrich: Artemis &amp; Winkler (english: translated by Bostock, John; Riley, H. T. (1855): <em>&#8222;Pliny the Elder, The Natural History&#8220;, <\/em>Perseus at Tufts. Retrieved 28 May 2015).<\/p>\n","protected":false},"excerpt":{"rendered":"<p>Die Geburt der Grafik aus dem Geiste des Schattenrisses oder: die Performanz der Form. Zu den Handzeichnungen von Eveline Schertle. Sybille Kr\u00e4mer EINDR\u00dcCKE 1. Beim ersten Anschauen der Zeichnungen: Von einem Blatt zum n\u00e4chsten \u00fcbergehend, werden wir hineingezogen in ein Panoptikum wechselnder Formen: st\u00e4ndig in Bewegung, dynamisch, neue Formen geb\u00e4rend, Formen zersetzend, verlierend, zersprengend und&hellip;&nbsp;<a href=\"https:\/\/evelinschertle.de\/zeichnungen\/texte-2\/\" class=\"\" rel=\"bookmark\">Weiterlesen &raquo;<span class=\"screen-reader-text\">Texte<\/span><\/a><\/p>\n","protected":false},"author":1,"featured_media":0,"parent":0,"menu_order":0,"comment_status":"closed","ping_status":"closed","template":"","meta":{"neve_meta_sidebar":"full-width","neve_meta_container":"","neve_meta_enable_content_width":"on","neve_meta_content_width":59,"neve_meta_title_alignment":"","neve_meta_author_avatar":"","neve_post_elements_order":"","neve_meta_disable_header":"off","neve_meta_disable_footer":"","neve_meta_disable_title":"off","ngg_post_thumbnail":0},"_links":{"self":[{"href":"https:\/\/evelinschertle.de\/zeichnungen\/wp-json\/wp\/v2\/pages\/209"}],"collection":[{"href":"https:\/\/evelinschertle.de\/zeichnungen\/wp-json\/wp\/v2\/pages"}],"about":[{"href":"https:\/\/evelinschertle.de\/zeichnungen\/wp-json\/wp\/v2\/types\/page"}],"author":[{"embeddable":true,"href":"https:\/\/evelinschertle.de\/zeichnungen\/wp-json\/wp\/v2\/users\/1"}],"replies":[{"embeddable":true,"href":"https:\/\/evelinschertle.de\/zeichnungen\/wp-json\/wp\/v2\/comments?post=209"}],"version-history":[{"count":4,"href":"https:\/\/evelinschertle.de\/zeichnungen\/wp-json\/wp\/v2\/pages\/209\/revisions"}],"predecessor-version":[{"id":217,"href":"https:\/\/evelinschertle.de\/zeichnungen\/wp-json\/wp\/v2\/pages\/209\/revisions\/217"}],"wp:attachment":[{"href":"https:\/\/evelinschertle.de\/zeichnungen\/wp-json\/wp\/v2\/media?parent=209"}],"curies":[{"name":"wp","href":"https:\/\/api.w.org\/{rel}","templated":true}]}}