{"id":46,"date":"2021-05-08T11:48:59","date_gmt":"2021-05-08T09:48:59","guid":{"rendered":"https:\/\/evelinschertle.de\/zeichnungen\/?page_id=46"},"modified":"2021-06-17T15:27:04","modified_gmt":"2021-06-17T13:27:04","slug":"vita","status":"publish","type":"page","link":"https:\/\/evelinschertle.de\/zeichnungen\/vita\/","title":{"rendered":"Vita"},"content":{"rendered":"\n<p class=\"has-text-align-center\"><em>\u00dcber Mich<\/em><\/p>\n\n\n\n<h2 class=\"has-text-align-center\">EVELIN SCHERTLE<\/h2>\n\n\n\n<p class=\"has-text-align-center\">wird 1966 als letztes von 4 Kindern in S\u00fcddeutschland geboren.<br>Wald, Natur, B\u00e4ume, Geist \u2013 schon fr\u00fch sp\u00fcrt sie die Kraft der Elemente<br>und ihre Anziehungskraft.<br>Alle Eindr\u00fccke werden zu Hause sofort mit Farben zu Papier gebracht.<br>Stundenlang kann sie sich damit besch\u00e4ftigen; mit 12 erste Studien in \u00d6l auf Leinwand.<br>Ihre Werke werden auf Messen und Ausstellungen pr\u00e4sentiert.<br>Die K\u00fcnstlerin hat ihr Atelier in Grafenhausen im Herzen des Schwarzwalds<\/p>\n\n\n\n<p><\/p>\n\n\n\n<hr class=\"wp-block-separator\"\/>\n\n\n\n<p class=\"has-text-align-center\"><em>About Me<\/em><\/p>\n\n\n\n<p class=\"has-text-align-center\">Evelin Schertle was born in 1966 as the last of 4 children in southern Germany.<br>Forest, nature, trees, spirit &#8211; she feels the power of the elements early on<br>and their attraction.<br>All impressions are immediately put on paper with colors at home.<br>She can occupy herself with it for hours; with 12 first studies in oil on canvas.<br>Her works are presented at trade fairs and exhibitions.<br>The artist has her studio in Grafenhausen in the heart of the Black Forest.<\/p>\n","protected":false},"excerpt":{"rendered":"<p>\u00dcber Mich EVELIN SCHERTLE wird 1966 als letztes von 4 Kindern in S\u00fcddeutschland geboren.Wald, Natur, B\u00e4ume, Geist \u2013 schon fr\u00fch sp\u00fcrt sie die Kraft der Elementeund ihre Anziehungskraft.Alle Eindr\u00fccke werden zu Hause sofort mit Farben zu Papier gebracht.Stundenlang kann sie sich damit besch\u00e4ftigen; mit 12 erste Studien in \u00d6l auf Leinwand.Ihre Werke werden auf Messen&hellip;&nbsp;<a href=\"https:\/\/evelinschertle.de\/zeichnungen\/vita\/\" class=\"\" rel=\"bookmark\">Weiterlesen &raquo;<span class=\"screen-reader-text\">Vita<\/span><\/a><\/p>\n","protected":false},"author":1,"featured_media":0,"parent":0,"menu_order":0,"comment_status":"closed","ping_status":"closed","template":"","meta":{"neve_meta_sidebar":"full-width","neve_meta_container":"","neve_meta_enable_content_width":"on","neve_meta_content_width":99,"neve_meta_title_alignment":"","neve_meta_author_avatar":"","neve_post_elements_order":"","neve_meta_disable_header":"","neve_meta_disable_footer":"","neve_meta_disable_title":"","ngg_post_thumbnail":0},"_links":{"self":[{"href":"https:\/\/evelinschertle.de\/zeichnungen\/wp-json\/wp\/v2\/pages\/46"}],"collection":[{"href":"https:\/\/evelinschertle.de\/zeichnungen\/wp-json\/wp\/v2\/pages"}],"about":[{"href":"https:\/\/evelinschertle.de\/zeichnungen\/wp-json\/wp\/v2\/types\/page"}],"author":[{"embeddable":true,"href":"https:\/\/evelinschertle.de\/zeichnungen\/wp-json\/wp\/v2\/users\/1"}],"replies":[{"embeddable":true,"href":"https:\/\/evelinschertle.de\/zeichnungen\/wp-json\/wp\/v2\/comments?post=46"}],"version-history":[{"count":2,"href":"https:\/\/evelinschertle.de\/zeichnungen\/wp-json\/wp\/v2\/pages\/46\/revisions"}],"predecessor-version":[{"id":200,"href":"https:\/\/evelinschertle.de\/zeichnungen\/wp-json\/wp\/v2\/pages\/46\/revisions\/200"}],"wp:attachment":[{"href":"https:\/\/evelinschertle.de\/zeichnungen\/wp-json\/wp\/v2\/media?parent=46"}],"curies":[{"name":"wp","href":"https:\/\/api.w.org\/{rel}","templated":true}]}}